{"id":21,"date":"2019-04-05T09:36:35","date_gmt":"2019-04-05T07:36:35","guid":{"rendered":"http:\/\/vila-romana.playdigital.hr\/?page_id=21"},"modified":"2025-06-12T15:05:51","modified_gmt":"2025-06-12T13:05:51","slug":"posebna-ponuda","status":"publish","type":"page","link":"https:\/\/poli-banka.com\/hr\/nasa-ponuda\/posebna-ponuda\/","title":{"rendered":"Posebna ponuda"},"content":{"rendered":"<p><\/p>\n<h2>Domjenak, poslovni ru\u010dak ili ve\u010dera, obiteljska slavlja\u2026<\/h2>\n<p><strong>Hladno predjelo: <\/strong>Doma\u0107e suhe kobasice, pr\u0161ut, panceta<br \/>\nLokalni sirevi, francuska salata, doma\u0107i topli kruh<\/p>\n<p><strong>Juha: <\/strong>Gove\u0111a i koko\u0161ja juha (mije\u0161ana) sa grizom<\/p>\n<p><strong>Glavno jelo: <\/strong>Teletina u fornu sa krumpirom, Tagliata od ramsteka na \u017earu, Pohana puretina ili piletina punjena \u0161unkom i sirom, Sezonsko povr\u0107e na \u017earu, Sezonska salata<\/p>\n<p><strong>Desert: <\/strong>Mogu\u0107nost dono\u0161enja vlastite torte i kola\u010da<\/p>\n<p>Od pi\u0107a: aperitiv dobrodo\u0161lice, doma\u0107e vino iz vlastitog podruma, voda, sokovi, pivo, kava uz desert.<\/p>\n<p>Cijena za ovaj meni po osobi je 46 \u20ac sa uklju\u010denim pi\u0107em.<\/p>\n<p>Opcionalno: dodatak 2 vrste tjestenina prije glavnog jela. Doma\u0107i fu\u017ei sa koko\u0161jim \u017egvacetom, te ravioli ili pljukanci sa sezonskom namirnicom: prolje\u0107e \u2013 \u0161paroge, ljeto \u2013 crni svje\u017ei tartuf, jesen \u2013 \u0161umske gljive.<br \/>\nCijena menija je tada 55 \u20ac po osobi.<\/p>\n<p>Napomena: Za malu djecu do 3 godine stolica se NE napla\u0107uje.<\/p>","protected":false},"excerpt":{"rendered":"<p>Domjenak, poslovni ru\u010dak ili ve\u010dera, obiteljska slavlja\u2026 Hladno predjelo: Doma\u0107e suhe kobasice, pr\u0161ut, panceta Lokalni sirevi, francuska salata, doma\u0107i topli kruh Juha: Gove\u0111a i koko\u0161ja juha (mije\u0161ana) sa grizom Glavno jelo: Teletina u fornu sa krumpirom, Tagliata od ramsteka na \u017earu, Pohana puretina ili piletina punjena \u0161unkom i sirom, Sezonsko povr\u0107e na \u017earu, Sezonska salata [&hellip;]<\/p>\n","protected":false},"author":1,"featured_media":0,"parent":17,"menu_order":0,"comment_status":"closed","ping_status":"closed","template":"template_posebnaponuda.php","meta":{"_acf_changed":false,"footnotes":""},"class_list":["post-21","page","type-page","status-publish","hentry"],"acf":[],"_links":{"self":[{"href":"https:\/\/poli-banka.com\/hr\/wp-json\/wp\/v2\/pages\/21","targetHints":{"allow":["GET"]}}],"collection":[{"href":"https:\/\/poli-banka.com\/hr\/wp-json\/wp\/v2\/pages"}],"about":[{"href":"https:\/\/poli-banka.com\/hr\/wp-json\/wp\/v2\/types\/page"}],"author":[{"embeddable":true,"href":"https:\/\/poli-banka.com\/hr\/wp-json\/wp\/v2\/users\/1"}],"replies":[{"embeddable":true,"href":"https:\/\/poli-banka.com\/hr\/wp-json\/wp\/v2\/comments?post=21"}],"version-history":[{"count":17,"href":"https:\/\/poli-banka.com\/hr\/wp-json\/wp\/v2\/pages\/21\/revisions"}],"predecessor-version":[{"id":232,"href":"https:\/\/poli-banka.com\/hr\/wp-json\/wp\/v2\/pages\/21\/revisions\/232"}],"up":[{"embeddable":true,"href":"https:\/\/poli-banka.com\/hr\/wp-json\/wp\/v2\/pages\/17"}],"wp:attachment":[{"href":"https:\/\/poli-banka.com\/hr\/wp-json\/wp\/v2\/media?parent=21"}],"curies":[{"name":"wp","href":"https:\/\/api.w.org\/{rel}","templated":true}]}}