{"id":23,"date":"2019-04-05T09:59:06","date_gmt":"2019-04-05T07:59:06","guid":{"rendered":"http:\/\/vila-romana.playdigital.hr\/?page_id=23"},"modified":"2019-04-18T16:22:53","modified_gmt":"2019-04-18T14:22:53","slug":"svijet-vina-mario-banko","status":"publish","type":"page","link":"https:\/\/poli-banka.com\/hr\/svijet-vina-mario-banko\/","title":{"rendered":"Svijet vina Mario Banko"},"content":{"rendered":"<p><\/p>\n<h2>Vino kao izazov, ljubav, hobi, ili pak \u017eivotni stil?<\/h2>\n<p>Ako \u0107emo pri\u010dati o Banko Mariu, tvorcu &#8220;Svijet Vina obitelji Banko&#8221; onda je to\u010dno sve \u0161to nabrojano\u2026U prvoj fazi, po\u010detkom 90-ih godina, bio je to hobi. Kasnije, po\u010detkom ovog stolje\u0107a primanjem prvih nagrada za Malvaziju prerasta u ljubav, ljubav prema zemlji, lozi i suncu \u0161to je obasja\u2026Danas? Danas je to njegov \u017eivot,\u017eivotni stil, njegov &#8220;forte&#8221;\u2026<\/p>\n<p>Dana\u0161nji vinogradi , podrum koji je tehnolo\u0161ki dobro potkovan, sala za degustaciju vina ili ku\u0161aona \u02ddsrihtana\u02dd u starom Istarskom stilu samo su posljedica te neraskidive veze izme\u0111u vina i \u010dovjeka koji je toliko dao toj staroj crvenoj zemlji, zemlji koja vinima daje puno\u0107u, svje\u017einu i dobre \u0161e\u0107ere\u2026 Na nadmorskoj visini od 270 metara pru\u017ea se prekrasan pogled na more, \u0161ume, livade\u2026To je mjesto gdje je Mario proveo ve\u0107inu svog vremena, bri\u017eno rade\u0107i oko loze i pri\u010daju\u0107i joj pri\u010de koje znaju samo njih dvoje\u2026Neka se ta pri\u010da i dalje nastavi, a mi \u0107emo malo o vinu\u2026<\/p>","protected":false},"excerpt":{"rendered":"<p>Vino kao izazov, ljubav, hobi, ili pak \u017eivotni stil? Ako \u0107emo pri\u010dati o Banko Mariu, tvorcu &#8220;Svijet Vina obitelji Banko&#8221; onda je to\u010dno sve \u0161to nabrojano\u2026U prvoj fazi, po\u010detkom 90-ih godina, bio je to hobi. Kasnije, po\u010detkom ovog stolje\u0107a primanjem prvih nagrada za Malvaziju prerasta u ljubav, ljubav prema zemlji, lozi i suncu \u0161to je [&hellip;]<\/p>\n","protected":false},"author":1,"featured_media":0,"parent":0,"menu_order":40,"comment_status":"closed","ping_status":"closed","template":"template_wineworld.php","meta":{"_acf_changed":false,"footnotes":""},"class_list":["post-23","page","type-page","status-publish","hentry"],"acf":[],"_links":{"self":[{"href":"https:\/\/poli-banka.com\/hr\/wp-json\/wp\/v2\/pages\/23","targetHints":{"allow":["GET"]}}],"collection":[{"href":"https:\/\/poli-banka.com\/hr\/wp-json\/wp\/v2\/pages"}],"about":[{"href":"https:\/\/poli-banka.com\/hr\/wp-json\/wp\/v2\/types\/page"}],"author":[{"embeddable":true,"href":"https:\/\/poli-banka.com\/hr\/wp-json\/wp\/v2\/users\/1"}],"replies":[{"embeddable":true,"href":"https:\/\/poli-banka.com\/hr\/wp-json\/wp\/v2\/comments?post=23"}],"version-history":[{"count":14,"href":"https:\/\/poli-banka.com\/hr\/wp-json\/wp\/v2\/pages\/23\/revisions"}],"predecessor-version":[{"id":148,"href":"https:\/\/poli-banka.com\/hr\/wp-json\/wp\/v2\/pages\/23\/revisions\/148"}],"wp:attachment":[{"href":"https:\/\/poli-banka.com\/hr\/wp-json\/wp\/v2\/media?parent=23"}],"curies":[{"name":"wp","href":"https:\/\/api.w.org\/{rel}","templated":true}]}}