{"id":29,"date":"2019-04-05T10:29:52","date_gmt":"2019-04-05T08:29:52","guid":{"rendered":"http:\/\/vila-romana.playdigital.hr\/?page_id=29"},"modified":"2025-10-15T20:54:16","modified_gmt":"2025-10-15T18:54:16","slug":"jela-u-ponudi","status":"publish","type":"page","link":"https:\/\/poli-banka.com\/hr\/nasa-ponuda\/jela-u-ponudi\/","title":{"rendered":"Jela u ponudi"},"content":{"rendered":"<p><\/p>\n<h3>Za otvoriti apetit<\/h3>\n<ul class=\"menu-list\">\n<li>\n    <span>\u201eMorski gu\u0161ti za dvoje\u201d (bakalar, salata od hobotnice i sipe, sardele savor, carpaccio od bijele ribe i tartar od tune)<\/span><br \/>\n    <span>porc. \u2013 22,00 \u20ac<\/span>\n  <\/li>\n<li>\n    <span>Carpaccio od \u0161umskih gljiva<\/span><br \/>\n    <span>porc. \u2013 13,00 \u20ac<\/span>\n  <\/li>\n<li>\n    <span>\u201eTinjanski Pjat\u201d \u2013 doma\u0107i proizvodi (pr\u0161ut, panceta, kobasice, salamin, kravlji sir, skuta)<\/span><br \/>\n    <span>120g. &#8211; 13,00 \u20ac<\/span>\n  <\/li>\n<li>\n    <span>Tatarski biftek (sa prepe\u010dencem i maslacem)<\/span><br \/>\n    <span>150g. &#8211; 24,00 \u20ac<\/span>\n  <\/li>\n<\/ul>\n<h3>Na \u017elicu<\/h3>\n<ul class=\"menu-list\">\n<li>\n    <span>\u201eMamina juha\u201d (koka i junetina)<\/span><br \/>\n    <span>porc. &#8211; 5,00 \u20ac<\/span>\n  <\/li>\n<li>\n    <span>\u201eMiris \u0161ume\u201d \u2013 juha od gljiva<\/span><br \/>\n    <span>porc. &#8211; 6,00 \u20ac<\/span>\n  <\/li>\n<li>\n    <span>\u201eBoje jeseni\u201d \u2013 krem juha od bu\u010de<\/span><br \/>\n    <span>porc. &#8211; 5,00 \u20ac<\/span>\n  <\/li>\n<\/ul>\n<h3>Topli po\u010detak<br \/><small>(sve tjestenine su ru\u010dno ra\u0111ene u na\u0161oj kuhinji)<\/small><\/h3>\n<ul class=\"menu-list\">\n<li>\n    <span>Doma\u0107e \u0161ugo (bo\u0161karin i kokica) sa njokima ili pljukancima<\/span><br \/>\n    <span>porc. \u2013 13,00 \u20ac<\/span>\n  <\/li>\n<li>\n    <span>Doma\u0107e tagliatelle sa bijelim tartufom<\/span><br \/>\n    <span>porc. \u2013 35,00 \u20ac<\/span>\n  <\/li>\n<li>\n    <span>Ri\u017eot na bijelo sa sipom, kozicama, bu\u010dom i hrskavom pancetom (min. 2 osobe)<\/span><br \/>\n    <span>porc. \u2013 19,00 \u20ac<\/span>\n  <\/li>\n<li>\n    <span>\u201eOktobarski ravioli\u201d \u2013 pirovi ravioli sa skutom, pr\u0161utom i \u0161umskim gljivama<\/span><br \/>\n    <span>porc. \u2013 17,00 \u20ac<\/span>\n  <\/li>\n<li>\n    <span>Buzara \u201eKvarner Bay\u201d od kvarnerskih \u0161kampi i \u0161koljki sa tjesteninom (za 2 osobe)<\/span><br \/>\n    <span>porc. \u2013 62,00 \u20ac<\/span>\n  <\/li>\n<\/ul>\n<h3>More u \u0161koljki<\/h3>\n<ul class=\"menu-list\">\n<li>\n    <span>Buzara \u201eParenzana\u201d (na crveno) (dagnje, dondole, kane\u0161trele, \u0161kampi i mu\u0161ule)<\/span><br \/>\n    <span>porc. &#8211; 22,00 \u20ac<\/span>\n  <\/li>\n<\/ul>\n<h3>Okusi obale<br \/><small>(sva jela poslu\u017eena su sa dnevnim prilogom)<\/small><\/h3>\n<ul class=\"menu-list\">\n<li>\n    <span>\u201eRo\u0161p i vino\u201d \u2013 medaljoni grdobine u umaku od malvazije sa palentom<\/span><br \/>\n    <span>1kg \u2013 65,00 \u20ac<\/span>\n  <\/li>\n<li>\n    <span>Riblji pladanj \u201eU dvoje do obale\u201d (za 2 osobe) \u2013 dnevni ulov<\/span><br \/>\n    <span>1kg \u2013 65,00 \u20ac<\/span>\n  <\/li>\n<li>\n    <span>Doma\u0107e lignje na gradelama<\/span><br \/>\n    <span>300g. &#8211; 20,00 \u20ac<\/span>\n  <\/li>\n<li>\n    <span>Pa\u0161ta stolje\u0107a (hlap na buzaru sa doma\u0107im bavetama)<\/span><br \/>\n    <span>1kg &#8211; 110,00 \u20ac<\/span>\n  <\/li>\n<li>\n    <span>Tuna steak u sezamu<\/span><br \/>\n    <span>250g. &#8211; 21,00 \u20ac<\/span>\n  <\/li>\n<li>\n    <span>Bijela morska riba<\/span><br \/>\n    <span>1kg \u2013 65,00 \u20ac<\/span>\n  <\/li>\n<\/ul>\n<h3>Zalogaji s ognja<br \/><small>(sva jela poslu\u017eena su sa dnevnim prilogom)<\/small><\/h3>\n<ul class=\"menu-list\">\n<li>\n    <span>Mesna plata \u201ePetra\u201d (za 2 osobe) (biftek, ramstek, piletina, sv. rebarca, umak od gljiva)<\/span><br \/>\n    <span>800g. &#8211; 65,00 \u20ac<\/span>\n  <\/li>\n<li>\n    <span>\u201eNonina koka i krpice\u201d \u2013 istarske pa\u0161utice i kokica z\u00b4tavice (min. 2 osobe)<\/span><br \/>\n    <span>600g. &#8211; 36,00 \u20ac<\/span>\n  <\/li>\n<li>\n    <span>\u201eGospodske kosti\u201d \u2013 svinjska rebarca sa ognji\u0161\u0107a<\/span><br \/>\n    <span>350g. \u2013 20,00 \u20ac<\/span>\n  <\/li>\n<li>\n    <span>Ribeye steak (odle\u017ean 45 dana)<\/span><br \/>\n    <span>1kg. \u2013 130,00 \u20ac<\/span>\n  <\/li>\n<li>\n    <span>Biftek na gradelama<\/span><br \/>\n    <span>250g. \u2013 29,00 \u20ac<\/span>\n  <\/li>\n<\/ul>\n<h3>Povrtna salata<\/h3>\n<ul class=\"menu-list\">\n<li>\n    <span>Mije\u0161ana sezonska salata<\/span><br \/>\n    <span>porc. \u2013 5,00 \u20ac<\/span>\n  <\/li>\n<\/ul>\n<h3>Slatko &#8211; slani kantun<\/h3>\n<ul class=\"menu-list\">\n<li>\n    <span>\u201eMalo za sri\u0107u\u201d \u2013 doma\u0107i tiramisu<\/span><br \/>\n    <span>porc. &#8211; 8,00 \u20ac<\/span>\n  <\/li>\n<li>\n    <span>Torta<\/span><br \/>\n    <span>porc. &#8211; 8,00 \u20ac<\/span>\n  <\/li>\n<li>\n    <span>Dnevni kola\u010d<\/span><br \/>\n    <span>porc. &#8211; 8,00 \u20ac<\/span>\n  <\/li>\n<li>\n    <span>Cheesecake<\/span><br \/>\n    <span>porc. \u2013 8,00 \u20ac<\/span>\n  <\/li>\n<li>\n    <span>Tris starih a\u0161eva \u2013 tris istarskih sireva<\/span><br \/>\n    <span>porc. \u2013 19,00 \u20ac<\/span>\n  <\/li>\n<\/ul>\n<p><\/p>","protected":false},"excerpt":{"rendered":"<p>Za otvoriti apetit \u201eMorski gu\u0161ti za dvoje\u201d (bakalar, salata od hobotnice i sipe, sardele savor, carpaccio od bijele ribe i tartar od tune) porc. \u2013 22,00 \u20ac Carpaccio od \u0161umskih gljiva porc. \u2013 13,00 \u20ac \u201eTinjanski Pjat\u201d \u2013 doma\u0107i proizvodi (pr\u0161ut, panceta, kobasice, salamin, kravlji sir, skuta) 120g. &#8211; 13,00 \u20ac Tatarski biftek (sa prepe\u010dencem [&hellip;]<\/p>\n","protected":false},"author":1,"featured_media":0,"parent":17,"menu_order":0,"comment_status":"closed","ping_status":"closed","template":"template_jelauponudi.php","meta":{"_acf_changed":false,"footnotes":""},"class_list":["post-29","page","type-page","status-publish","hentry"],"acf":[],"_links":{"self":[{"href":"https:\/\/poli-banka.com\/hr\/wp-json\/wp\/v2\/pages\/29","targetHints":{"allow":["GET"]}}],"collection":[{"href":"https:\/\/poli-banka.com\/hr\/wp-json\/wp\/v2\/pages"}],"about":[{"href":"https:\/\/poli-banka.com\/hr\/wp-json\/wp\/v2\/types\/page"}],"author":[{"embeddable":true,"href":"https:\/\/poli-banka.com\/hr\/wp-json\/wp\/v2\/users\/1"}],"replies":[{"embeddable":true,"href":"https:\/\/poli-banka.com\/hr\/wp-json\/wp\/v2\/comments?post=29"}],"version-history":[{"count":45,"href":"https:\/\/poli-banka.com\/hr\/wp-json\/wp\/v2\/pages\/29\/revisions"}],"predecessor-version":[{"id":266,"href":"https:\/\/poli-banka.com\/hr\/wp-json\/wp\/v2\/pages\/29\/revisions\/266"}],"up":[{"embeddable":true,"href":"https:\/\/poli-banka.com\/hr\/wp-json\/wp\/v2\/pages\/17"}],"wp:attachment":[{"href":"https:\/\/poli-banka.com\/hr\/wp-json\/wp\/v2\/media?parent=29"}],"curies":[{"name":"wp","href":"https:\/\/api.w.org\/{rel}","templated":true}]}}